{"id":12,"date":"2024-06-24T10:23:43","date_gmt":"2024-06-24T08:23:43","guid":{"rendered":"https:\/\/psihanalist.md\/?page_id=12"},"modified":"2024-06-26T08:52:39","modified_gmt":"2024-06-26T06:52:39","slug":"servicii","status":"publish","type":"page","link":"https:\/\/psihanalist.md\/?page_id=12","title":{"rendered":"Servicii"},"content":{"rendered":"\n<div class=\"wp-block-cover alignfull is-light\" style=\"padding-top:2%;min-height:30rem;aspect-ratio:unset;\"><span aria-hidden=\"true\" class=\"wp-block-cover__background has-white-background-color has-background-dim-60 has-background-dim\"><\/span><img loading=\"lazy\" decoding=\"async\" width=\"2560\" height=\"1920\" class=\"wp-block-cover__image-background wp-image-43\" alt=\"\" src=\"https:\/\/psihanalist.md\/wp-content\/uploads\/2024\/06\/milad-fakurian-gUUczWg8SIM-unsplash-scaled.jpg\" style=\"object-position:63% 42%\" data-object-fit=\"cover\" data-object-position=\"63% 42%\" srcset=\"https:\/\/psihanalist.md\/wp-content\/uploads\/2024\/06\/milad-fakurian-gUUczWg8SIM-unsplash-scaled.jpg 2560w, https:\/\/psihanalist.md\/wp-content\/uploads\/2024\/06\/milad-fakurian-gUUczWg8SIM-unsplash-300x225.jpg 300w, https:\/\/psihanalist.md\/wp-content\/uploads\/2024\/06\/milad-fakurian-gUUczWg8SIM-unsplash-1024x768.jpg 1024w, https:\/\/psihanalist.md\/wp-content\/uploads\/2024\/06\/milad-fakurian-gUUczWg8SIM-unsplash-768x576.jpg 768w, https:\/\/psihanalist.md\/wp-content\/uploads\/2024\/06\/milad-fakurian-gUUczWg8SIM-unsplash-1536x1152.jpg 1536w, https:\/\/psihanalist.md\/wp-content\/uploads\/2024\/06\/milad-fakurian-gUUczWg8SIM-unsplash-2048x1536.jpg 2048w\" sizes=\"auto, (max-width: 2560px) 100vw, 2560px\" \/><div class=\"wp-block-cover__inner-container has-global-padding is-layout-constrained wp-container-core-cover-is-layout-ee51f2d2 wp-block-cover-is-layout-constrained\">\n<h2 class=\"wp-block-heading has-text-align-center has-text-color\" style=\"color:#07277c;margin-top:0rem;margin-bottom:1.01rem;font-size:clamp(2.071rem, 2.071rem + ((1vw - 0.2rem) * 2.98), 3.71rem);font-style:normal;font-weight:400;line-height:1;text-transform:none\">Consiliere psihologic\u0103<\/h2>\n\n\n\n<div class=\"wp-block-group alignwide is-vertical is-content-justification-center is-layout-flex wp-container-core-group-is-layout-5e763914 wp-block-group-is-layout-flex\" style=\"min-height:8rem\">\n<div class=\"wp-block-group has-global-padding is-layout-constrained wp-container-core-group-is-layout-bea02a06 wp-block-group-is-layout-constrained\"><\/div>\n<\/div>\n<\/div><\/div>\n\n\n\n<section class=\"wp-block-group alignfull has-text-color has-global-padding is-layout-constrained wp-container-core-group-is-layout-4252d6ba wp-block-group-is-layout-constrained\" style=\"color:#03081e;margin-top:0px;padding-top:6.51rem;padding-right:1rem;padding-bottom:5.5rem;padding-left:1rem;font-size:clamp(0.875rem, 0.875rem + ((1vw - 0.2rem) * 0.464), 1.13rem);font-style:normal;font-weight:400;line-height:1.4\">\n<div class=\"wp-block-columns is-layout-flex wp-container-core-columns-is-layout-db2df21c wp-block-columns-is-layout-flex\" style=\"margin-bottom:0px\">\n<div class=\"wp-block-column has-global-padding is-content-justification-left is-layout-constrained wp-container-core-column-is-layout-12dd3699 wp-block-column-is-layout-constrained\" style=\"flex-basis:50%\">\n<figure class=\"wp-block-image aligncenter size-large is-resized has-custom-border\"><img loading=\"lazy\" decoding=\"async\" width=\"1024\" height=\"668\" src=\"https:\/\/psihanalist.md\/wp-content\/uploads\/2024\/06\/nik-shuliahin-BuNWp1bL0nc-unsplash-1024x668.jpg\" alt=\"\" class=\"wp-image-51\" style=\"border-radius:14px;aspect-ratio:16\/9;object-fit:cover;width:520px\" srcset=\"https:\/\/psihanalist.md\/wp-content\/uploads\/2024\/06\/nik-shuliahin-BuNWp1bL0nc-unsplash-1024x668.jpg 1024w, https:\/\/psihanalist.md\/wp-content\/uploads\/2024\/06\/nik-shuliahin-BuNWp1bL0nc-unsplash-300x196.jpg 300w, https:\/\/psihanalist.md\/wp-content\/uploads\/2024\/06\/nik-shuliahin-BuNWp1bL0nc-unsplash-768x501.jpg 768w, https:\/\/psihanalist.md\/wp-content\/uploads\/2024\/06\/nik-shuliahin-BuNWp1bL0nc-unsplash-1536x1002.jpg 1536w, https:\/\/psihanalist.md\/wp-content\/uploads\/2024\/06\/nik-shuliahin-BuNWp1bL0nc-unsplash-2048x1336.jpg 2048w\" sizes=\"auto, (max-width: 1024px) 100vw, 1024px\" \/><\/figure>\n<\/div>\n\n\n\n<div class=\"wp-block-column is-layout-flow wp-block-column-is-layout-flow\">\n<div class=\"wp-block-group is-vertical is-content-justification-left is-layout-flex wp-container-core-group-is-layout-c5d44cae wp-block-group-is-layout-flex\" style=\"min-height:100%\">\n<div class=\"wp-block-group has-global-padding is-content-justification-center is-layout-constrained wp-container-core-group-is-layout-b15c80d6 wp-block-group-is-layout-constrained\">\n<h3 class=\"wp-block-heading has-text-align-left has-text-color\" style=\"color:#07277c;margin-top:0.5rem;margin-bottom:1.01rem;font-size:clamp(1.044rem, 1.044rem + ((1vw - 0.2rem) * 1.029), 1.61rem);font-style:normal;font-weight:500;letter-spacing:0px;line-height:1.3;text-transform:capitalize\">Consiliere Individual\u0103<\/h3>\n\n\n\n<p class=\"has-text-align-left has-text-color\" style=\"color:#03081e;margin-top:0rem;font-size:clamp(0.875rem, 0.875rem + ((1vw - 0.2rem) * 0.245), 1.01rem);font-style:normal;font-weight:400;line-height:1.6\">\u00cen cadrul consilierii individuale, vei beneficia de un spa\u021biu sigur \u0219i confiden\u021bial pentru a explora \u0219i \u00een\u021belege mai bine g\u00e2ndurile, emo\u021biile \u0219i comportamentele care te \u00eempiedic\u0103 s\u0103 tr\u0103ie\u0219ti via\u021ba \u00een deplin\u0103tate.<\/p>\n<\/div>\n<\/div>\n<\/div>\n<\/div>\n<\/section>\n\n\n\n<section class=\"wp-block-group alignfull has-text-color has-global-padding is-layout-constrained wp-container-core-group-is-layout-b691706e wp-block-group-is-layout-constrained\" style=\"color:#03081e;margin-top:0px;padding-top:4.01rem;padding-right:1rem;padding-bottom:5.5rem;padding-left:1rem;font-size:clamp(0.875rem, 0.875rem + ((1vw - 0.2rem) * 0.464), 1.13rem);font-style:normal;font-weight:400;line-height:1.4\">\n<div class=\"wp-block-columns is-layout-flex wp-container-core-columns-is-layout-db2df21c wp-block-columns-is-layout-flex\" style=\"margin-bottom:0px\">\n<div class=\"wp-block-column is-layout-flow wp-block-column-is-layout-flow\">\n<div class=\"wp-block-group is-vertical is-content-justification-left is-layout-flex wp-container-core-group-is-layout-c5d44cae wp-block-group-is-layout-flex\" style=\"min-height:100%\">\n<div class=\"wp-block-group has-global-padding is-content-justification-center is-layout-constrained wp-container-core-group-is-layout-b15c80d6 wp-block-group-is-layout-constrained\">\n<h3 class=\"wp-block-heading has-text-align-left has-text-color\" style=\"color:#07277c;margin-top:0.5rem;margin-bottom:1.01rem;font-size:clamp(1.044rem, 1.044rem + ((1vw - 0.2rem) * 1.029), 1.61rem);font-style:normal;font-weight:500;letter-spacing:0px;line-height:1.3;text-transform:capitalize\">Terapie Copii<\/h3>\n\n\n\n<p class=\"has-text-align-left has-text-color\" style=\"color:#03081e;margin-top:0rem;font-size:clamp(0.875rem, 0.875rem + ((1vw - 0.2rem) * 0.245), 1.01rem);font-style:normal;font-weight:400;line-height:1.6\">\u00cen cadrul terapiei pentru copii, oferim un mediu cald \u0219i receptiv, unde cei mici pot \u00eenv\u0103\u021ba s\u0103-\u0219i exprime \u0219i s\u0103-\u0219i regleze emo\u021biile, s\u0103-\u0219i dezvolte abilit\u0103\u021bile sociale \u0219i s\u0103-\u0219i dep\u0103\u0219easc\u0103 temerile \u0219i dificult\u0103\u021bile emo\u021bionale.<\/p>\n<\/div>\n<\/div>\n<\/div>\n\n\n\n<div class=\"wp-block-column has-global-padding is-content-justification-left is-layout-constrained wp-container-core-column-is-layout-12dd3699 wp-block-column-is-layout-constrained\" style=\"flex-basis:50%\">\n<figure class=\"wp-block-image aligncenter size-full is-resized has-custom-border\"><img loading=\"lazy\" decoding=\"async\" width=\"2560\" height=\"1707\" src=\"https:\/\/psihanalist.md\/wp-content\/uploads\/2024\/06\/milad-fakurian-He3dqpwP7lw-unsplash-scaled.jpg\" alt=\"\" class=\"wp-image-48\" style=\"border-radius:14px;aspect-ratio:16\/9;object-fit:cover;width:520px\" srcset=\"https:\/\/psihanalist.md\/wp-content\/uploads\/2024\/06\/milad-fakurian-He3dqpwP7lw-unsplash-scaled.jpg 2560w, https:\/\/psihanalist.md\/wp-content\/uploads\/2024\/06\/milad-fakurian-He3dqpwP7lw-unsplash-300x200.jpg 300w, https:\/\/psihanalist.md\/wp-content\/uploads\/2024\/06\/milad-fakurian-He3dqpwP7lw-unsplash-1024x683.jpg 1024w, https:\/\/psihanalist.md\/wp-content\/uploads\/2024\/06\/milad-fakurian-He3dqpwP7lw-unsplash-768x512.jpg 768w, https:\/\/psihanalist.md\/wp-content\/uploads\/2024\/06\/milad-fakurian-He3dqpwP7lw-unsplash-1536x1024.jpg 1536w, https:\/\/psihanalist.md\/wp-content\/uploads\/2024\/06\/milad-fakurian-He3dqpwP7lw-unsplash-2048x1366.jpg 2048w\" sizes=\"auto, (max-width: 2560px) 100vw, 2560px\" \/><\/figure>\n<\/div>\n<\/div>\n<\/section>\n\n\n\n<section class=\"wp-block-group alignfull has-text-color has-global-padding is-layout-constrained wp-container-core-group-is-layout-b691706e wp-block-group-is-layout-constrained\" style=\"color:#03081e;margin-top:0px;padding-top:4.01rem;padding-right:1rem;padding-bottom:5.5rem;padding-left:1rem;font-size:clamp(0.875rem, 0.875rem + ((1vw - 0.2rem) * 0.464), 1.13rem);font-style:normal;font-weight:400;line-height:1.4\">\n<div class=\"wp-block-columns is-layout-flex wp-container-core-columns-is-layout-db2df21c wp-block-columns-is-layout-flex\" style=\"margin-bottom:0px\">\n<div class=\"wp-block-column has-global-padding is-content-justification-left is-layout-constrained wp-container-core-column-is-layout-12dd3699 wp-block-column-is-layout-constrained\" style=\"flex-basis:50%\">\n<figure class=\"wp-block-image aligncenter size-large is-resized has-custom-border\"><img loading=\"lazy\" decoding=\"async\" width=\"683\" height=\"1024\" src=\"https:\/\/psihanalist.md\/wp-content\/uploads\/2024\/06\/nathan-dumlao-_-prYEEf0v4-unsplash-683x1024.jpg\" alt=\"\" class=\"wp-image-50\" style=\"border-radius:14px;aspect-ratio:16\/9;object-fit:cover;width:520px\" srcset=\"https:\/\/psihanalist.md\/wp-content\/uploads\/2024\/06\/nathan-dumlao-_-prYEEf0v4-unsplash-683x1024.jpg 683w, https:\/\/psihanalist.md\/wp-content\/uploads\/2024\/06\/nathan-dumlao-_-prYEEf0v4-unsplash-200x300.jpg 200w, https:\/\/psihanalist.md\/wp-content\/uploads\/2024\/06\/nathan-dumlao-_-prYEEf0v4-unsplash-768x1152.jpg 768w, https:\/\/psihanalist.md\/wp-content\/uploads\/2024\/06\/nathan-dumlao-_-prYEEf0v4-unsplash-1024x1536.jpg 1024w, https:\/\/psihanalist.md\/wp-content\/uploads\/2024\/06\/nathan-dumlao-_-prYEEf0v4-unsplash-1365x2048.jpg 1365w, https:\/\/psihanalist.md\/wp-content\/uploads\/2024\/06\/nathan-dumlao-_-prYEEf0v4-unsplash-scaled.jpg 1707w\" sizes=\"auto, (max-width: 683px) 100vw, 683px\" \/><\/figure>\n<\/div>\n\n\n\n<div class=\"wp-block-column is-layout-flow wp-block-column-is-layout-flow\">\n<div class=\"wp-block-group is-vertical is-content-justification-left is-layout-flex wp-container-core-group-is-layout-c5d44cae wp-block-group-is-layout-flex\" style=\"min-height:100%\">\n<div class=\"wp-block-group has-global-padding is-content-justification-center is-layout-constrained wp-container-core-group-is-layout-b15c80d6 wp-block-group-is-layout-constrained\">\n<h3 class=\"wp-block-heading has-text-align-left has-text-color\" style=\"color:#07277c;margin-top:0.5rem;margin-bottom:1.01rem;font-size:clamp(1.044rem, 1.044rem + ((1vw - 0.2rem) * 1.029), 1.61rem);font-style:normal;font-weight:500;letter-spacing:0px;line-height:1.3;text-transform:capitalize\">Consiliere Cuplu<\/h3>\n\n\n\n<p class=\"has-text-align-left has-text-color\" style=\"color:#03081e;margin-top:0rem;font-size:clamp(0.875rem, 0.875rem + ((1vw - 0.2rem) * 0.245), 1.01rem);font-style:normal;font-weight:400;line-height:1.6\">\u00cen cadrul consilierii de cuplu, v\u0103 oferim un spa\u021biu neutrul \u0219i sus\u021bin\u0103tor, \u00een care s\u0103 explora\u021bi \u0219i s\u0103 rezolva\u021bi conflictele, s\u0103 reconstrui\u021bi \u00eencrederea \u0219i s\u0103 \u00eembun\u0103t\u0103\u021bi\u021bi comunicarea, pentru a v\u0103 construi o rela\u021bie s\u0103n\u0103toas\u0103 \u0219i armonioas\u0103.<\/p>\n<\/div>\n<\/div>\n<\/div>\n<\/div>\n<\/section>\n\n\n\n<section class=\"wp-block-cover alignfull is-light\" style=\"margin-top:0px;padding-bottom:13.51rem;min-height:620px;aspect-ratio:unset;\"><span aria-hidden=\"true\" class=\"wp-block-cover__background has-background-dim-0 has-background-dim\" style=\"background-color:#88898b\"><\/span><img loading=\"lazy\" decoding=\"async\" width=\"2560\" height=\"1920\" class=\"wp-block-cover__image-background wp-image-43\" alt=\"\" src=\"https:\/\/psihanalist.md\/wp-content\/uploads\/2024\/06\/milad-fakurian-gUUczWg8SIM-unsplash-scaled.jpg\" style=\"object-position:53% 27%\" data-object-fit=\"cover\" data-object-position=\"53% 27%\" srcset=\"https:\/\/psihanalist.md\/wp-content\/uploads\/2024\/06\/milad-fakurian-gUUczWg8SIM-unsplash-scaled.jpg 2560w, https:\/\/psihanalist.md\/wp-content\/uploads\/2024\/06\/milad-fakurian-gUUczWg8SIM-unsplash-300x225.jpg 300w, https:\/\/psihanalist.md\/wp-content\/uploads\/2024\/06\/milad-fakurian-gUUczWg8SIM-unsplash-1024x768.jpg 1024w, https:\/\/psihanalist.md\/wp-content\/uploads\/2024\/06\/milad-fakurian-gUUczWg8SIM-unsplash-768x576.jpg 768w, https:\/\/psihanalist.md\/wp-content\/uploads\/2024\/06\/milad-fakurian-gUUczWg8SIM-unsplash-1536x1152.jpg 1536w, https:\/\/psihanalist.md\/wp-content\/uploads\/2024\/06\/milad-fakurian-gUUczWg8SIM-unsplash-2048x1536.jpg 2048w\" sizes=\"auto, (max-width: 2560px) 100vw, 2560px\" \/><div class=\"wp-block-cover__inner-container has-global-padding is-layout-constrained wp-container-core-cover-is-layout-14880c13 wp-block-cover-is-layout-constrained\">\n<div class=\"wp-block-group alignfull has-text-color has-global-padding is-layout-constrained wp-container-core-group-is-layout-6f61d7e7 wp-block-group-is-layout-constrained\" style=\"color:#252525;margin-top:0px;padding-top:0rem;padding-right:1rem;padding-bottom:0rem;padding-left:1rem;font-size:clamp(0.875rem, 0.875rem + ((1vw - 0.2rem) * 0.464), 1.13rem);font-style:normal;font-weight:400;line-height:1.4\">\n<div class=\"wp-block-group is-vertical is-content-justification-center is-layout-flex wp-container-core-group-is-layout-b6c1f246 wp-block-group-is-layout-flex\">\n<div class=\"wp-block-group has-global-padding is-layout-constrained wp-container-core-group-is-layout-a099c240 wp-block-group-is-layout-constrained\">\n<h2 class=\"wp-block-heading has-text-align-center has-text-color\" style=\"color:#07277c;margin-bottom:1.11rem;font-size:clamp(1.556rem, 1.556rem + ((1vw - 0.2rem) * 1.916), 2.61rem);font-style:normal;font-weight:500;line-height:1.2;text-transform:none\">Contacteaz\u0103-ne<\/h2>\n\n\n\n<p class=\"has-text-align-center has-text-color\" style=\"color:#03081e;margin-top:0rem;font-size:clamp(0.875rem, 0.875rem + ((1vw - 0.2rem) * 0.427), 1.11rem);font-style:normal;font-weight:400;line-height:1.6\">Fii curajos \u0219i \u00eencepe-\u021bi c\u0103l\u0103toria c\u0103tre o via\u021b\u0103 mai<\/p>\n\n\n\n<p class=\"has-text-align-center has-text-color\" style=\"color:#03081e;margin-top:0rem;font-size:clamp(0.875rem, 0.875rem + ((1vw - 0.2rem) * 0.427), 1.11rem);font-style:normal;font-weight:400;line-height:1.6\"> s\u0103n\u0103toas\u0103 \u0219i echilibrat\u0103!<\/p>\n\n\n\n<div class=\"wp-block-group is-vertical is-content-justification-stretch is-layout-flex wp-container-core-group-is-layout-be82aac6 wp-block-group-is-layout-flex\" style=\"margin-top:0rem;padding-right:0px;padding-left:0px\">\n<div class=\"wp-block-group has-global-padding is-content-justification-center is-layout-constrained wp-container-core-group-is-layout-0638dde4 wp-block-group-is-layout-constrained\" style=\"margin-top:0px\">\n<div class=\"wp-block-buttons is-horizontal is-content-justification-right is-layout-flex wp-container-core-buttons-is-layout-1b0e492f wp-block-buttons-is-layout-flex\" style=\"margin-top:2.21rem\">\n<div class=\"wp-block-button has-custom-width wp-block-button__width-100 has-custom-font-size is-style-fill\" style=\"font-size:clamp(0.875rem, 0.875rem + ((1vw - 0.2rem) * 0.609), 1.21rem);font-style:normal;font-weight:400;line-height:1;text-transform:none\"><a class=\"wp-block-button__link has-text-color has-background has-border-color wp-element-button\" style=\"border-color:#041d55;border-style:solid;border-width:1px;border-radius:2.5rem;color:#07277c;background-color:#ffffff;padding-top:1.1rem;padding-right:0.81rem;padding-bottom:1.1rem;padding-left:0.81rem\">\u00cencepe acum<\/a><\/div>\n<\/div>\n<\/div>\n<\/div>\n<\/div>\n<\/div>\n<\/div>\n<\/div><\/section>\n","protected":false},"excerpt":{"rendered":"<p>Consiliere Individual\u0103 \u00cen cadrul consilierii individuale, vei beneficia de un spa\u021biu sigur \u0219i confiden\u021bial pentru a explora \u0219i \u00een\u021belege mai bine g\u00e2ndurile, emo\u021biile \u0219i comportamentele care te \u00eempiedic\u0103 s\u0103 tr\u0103ie\u0219ti via\u021ba \u00een deplin\u0103tate. Terapie Copii \u00cen cadrul terapiei pentru copii, oferim un mediu cald \u0219i receptiv, unde cei mici pot \u00eenv\u0103\u021ba s\u0103-\u0219i exprime \u0219i s\u0103-\u0219i [&hellip;]<\/p>\n","protected":false},"author":2,"featured_media":0,"parent":0,"menu_order":0,"comment_status":"closed","ping_status":"closed","template":"","meta":{"footnotes":""},"class_list":["post-12","page","type-page","status-publish","hentry"],"_links":{"self":[{"href":"https:\/\/psihanalist.md\/index.php?rest_route=\/wp\/v2\/pages\/12","targetHints":{"allow":["GET"]}}],"collection":[{"href":"https:\/\/psihanalist.md\/index.php?rest_route=\/wp\/v2\/pages"}],"about":[{"href":"https:\/\/psihanalist.md\/index.php?rest_route=\/wp\/v2\/types\/page"}],"author":[{"embeddable":true,"href":"https:\/\/psihanalist.md\/index.php?rest_route=\/wp\/v2\/users\/2"}],"replies":[{"embeddable":true,"href":"https:\/\/psihanalist.md\/index.php?rest_route=%2Fwp%2Fv2%2Fcomments&post=12"}],"version-history":[{"count":8,"href":"https:\/\/psihanalist.md\/index.php?rest_route=\/wp\/v2\/pages\/12\/revisions"}],"predecessor-version":[{"id":103,"href":"https:\/\/psihanalist.md\/index.php?rest_route=\/wp\/v2\/pages\/12\/revisions\/103"}],"wp:attachment":[{"href":"https:\/\/psihanalist.md\/index.php?rest_route=%2Fwp%2Fv2%2Fmedia&parent=12"}],"curies":[{"name":"wp","href":"https:\/\/api.w.org\/{rel}","templated":true}]}}